{"id":2171,"date":"2024-07-15T00:20:56","date_gmt":"2024-07-15T00:20:56","guid":{"rendered":"https:\/\/procovers.no\/?page_id=2171"},"modified":"2024-11-28T00:52:20","modified_gmt":"2024-11-28T00:52:20","slug":"elementor-2171","status":"publish","type":"page","link":"https:\/\/procovers.no\/index.php\/elementor-2171\/","title":{"rendered":"Elementor #2171"},"content":{"rendered":"\t\t<div data-elementor-type=\"wp-page\" data-elementor-id=\"2171\" class=\"elementor elementor-2171\">\n\t\t\t\t\t\t\t<div class=\"elementor-element elementor-element-de999ce e-flex e-con-boxed e-con e-child\" data-id=\"de999ce\" data-element_type=\"container\" data-settings=\"{&quot;content_width&quot;:&quot;boxed&quot;}\">\n\t\t\t\t\t<div class=\"e-con-inner\">\n\t\t\t\t<div class=\"elementor-element elementor-element-43e9165 elementor-widget elementor-widget-heading\" data-id=\"43e9165\" data-element_type=\"widget\" data-widget_type=\"heading.default\">\n\t\t\t\t<div class=\"elementor-widget-container\">\n\t\t\t<style>\/*! elementor - v3.18.0 - 08-12-2023 *\/\n.elementor-heading-title{padding:0;margin:0;line-height:1}.elementor-widget-heading .elementor-heading-title[class*=elementor-size-]>a{color:inherit;font-size:inherit;line-height:inherit}.elementor-widget-heading .elementor-heading-title.elementor-size-small{font-size:15px}.elementor-widget-heading .elementor-heading-title.elementor-size-medium{font-size:19px}.elementor-widget-heading .elementor-heading-title.elementor-size-large{font-size:29px}.elementor-widget-heading .elementor-heading-title.elementor-size-xl{font-size:39px}.elementor-widget-heading .elementor-heading-title.elementor-size-xxl{font-size:59px}<\/style><h2 class=\"elementor-heading-title elementor-size-default\">Ombrukordning<\/h2>\t\t<\/div>\n\t\t\t\t<\/div>\n\t\t\t\t\t<\/div>\n\t\t\t\t<\/div>\n\t\t<div class=\"elementor-element elementor-element-73f0fd5 e-flex e-con-boxed e-con e-parent\" data-id=\"73f0fd5\" data-element_type=\"container\" data-settings=\"{&quot;content_width&quot;:&quot;boxed&quot;}\" data-core-v316-plus=\"true\">\n\t\t\t\t\t<div class=\"e-con-inner\">\n\t\t\t\t<div class=\"elementor-element elementor-element-7898a1a elementor-widget elementor-widget-image\" data-id=\"7898a1a\" data-element_type=\"widget\" data-widget_type=\"image.default\">\n\t\t\t\t<div class=\"elementor-widget-container\">\n\t\t\t<style>\/*! elementor - v3.18.0 - 08-12-2023 *\/\n.elementor-widget-image{text-align:center}.elementor-widget-image a{display:inline-block}.elementor-widget-image a img[src$=\".svg\"]{width:48px}.elementor-widget-image img{vertical-align:middle;display:inline-block}<\/style>\t\t\t\t\t\t\t\t\t\t\t\t<img fetchpriority=\"high\" decoding=\"async\" width=\"1024\" height=\"819\" src=\"https:\/\/procovers.no\/wp-content\/uploads\/2024\/07\/Mottak-og-Klargjoring-OPTIMERA-Lager-1-1024x819.png\" class=\"attachment-large size-large wp-image-2177\" alt=\"\" srcset=\"https:\/\/procovers.no\/wp-content\/uploads\/2024\/07\/Mottak-og-Klargjoring-OPTIMERA-Lager-1-1024x819.png 1024w, https:\/\/procovers.no\/wp-content\/uploads\/2024\/07\/Mottak-og-Klargjoring-OPTIMERA-Lager-1-300x240.png 300w, https:\/\/procovers.no\/wp-content\/uploads\/2024\/07\/Mottak-og-Klargjoring-OPTIMERA-Lager-1-768x614.png 768w, https:\/\/procovers.no\/wp-content\/uploads\/2024\/07\/Mottak-og-Klargjoring-OPTIMERA-Lager-1-1536x1229.png 1536w, https:\/\/procovers.no\/wp-content\/uploads\/2024\/07\/Mottak-og-Klargjoring-OPTIMERA-Lager-1-2048x1638.png 2048w\" sizes=\"(max-width: 1024px) 100vw, 1024px\" \/>\t\t\t\t\t\t\t\t\t\t\t\t\t\t\t<\/div>\n\t\t\t\t<\/div>\n\t\t\t\t\t<\/div>\n\t\t\t\t<\/div>\n\t\t<div class=\"elementor-element elementor-element-47d3a8e e-flex e-con-boxed e-con e-child\" data-id=\"47d3a8e\" data-element_type=\"container\" data-settings=\"{&quot;content_width&quot;:&quot;boxed&quot;}\">\n\t\t\t\t\t<div class=\"e-con-inner\">\n\t\t<div class=\"elementor-element elementor-element-03dc620 e-flex e-con-boxed e-con e-child\" data-id=\"03dc620\" data-element_type=\"container\" data-settings=\"{&quot;content_width&quot;:&quot;boxed&quot;}\">\n\t\t\t\t\t<div class=\"e-con-inner\">\n\t\t\t\t<div class=\"elementor-element elementor-element-cd9843d elementor-widget elementor-widget-text-editor\" data-id=\"cd9843d\" data-element_type=\"widget\" data-widget_type=\"text-editor.default\">\n\t\t\t\t<div class=\"elementor-widget-container\">\n\t\t\t<style>\/*! elementor - v3.18.0 - 08-12-2023 *\/\n.elementor-widget-text-editor.elementor-drop-cap-view-stacked .elementor-drop-cap{background-color:#69727d;color:#fff}.elementor-widget-text-editor.elementor-drop-cap-view-framed .elementor-drop-cap{color:#69727d;border:3px solid;background-color:transparent}.elementor-widget-text-editor:not(.elementor-drop-cap-view-default) .elementor-drop-cap{margin-top:8px}.elementor-widget-text-editor:not(.elementor-drop-cap-view-default) .elementor-drop-cap-letter{width:1em;height:1em}.elementor-widget-text-editor .elementor-drop-cap{float:left;text-align:center;line-height:1;font-size:50px}.elementor-widget-text-editor .elementor-drop-cap-letter{display:inline-block}<\/style>\t\t\t\t<p>Procovers&#8217; ombruksordning er en innovativ l\u00f8sning som bidrar til b\u00e6rekraft og effektivitet i byggebransjen. Denne ordningen sikrer at Procovers kan brukes flere ganger, noe som reduserer plastavfall og fremmer milj\u00f8vennlig praksis. La oss se n\u00e6rmere p\u00e5 hvordan ombruksordningen fungerer, steg for steg.<\/p><h4>\u00a0<\/h4><div>\u00c5 benytte seg av ombruksordningen er ikke noe man m\u00e5 gj\u00f8re. Dette er noe man <u>KAN<\/u>\u00a0gj\u00f8re.\u00a0<\/div><p>\u00a0<\/p><p>Trekkene vil ogs\u00e5 kunne selges som ordin\u00e6r vare.\u00a0<\/p>\t\t\t\t\t\t<\/div>\n\t\t\t\t<\/div>\n\t\t\t\t\t<\/div>\n\t\t\t\t<\/div>\n\t\t\t\t<div class=\"elementor-element elementor-element-b52ac54 elementor-widget elementor-widget-heading\" data-id=\"b52ac54\" data-element_type=\"widget\" data-widget_type=\"heading.default\">\n\t\t\t\t<div class=\"elementor-widget-container\">\n\t\t\t<h2 class=\"elementor-heading-title elementor-size-default\">Trinn for Trinn: Slik Fungerer Ombruksordningen<\/h2>\t\t<\/div>\n\t\t\t\t<\/div>\n\t\t<div class=\"elementor-element elementor-element-868cdcd e-flex e-con-boxed e-con e-child\" data-id=\"868cdcd\" data-element_type=\"container\" data-settings=\"{&quot;content_width&quot;:&quot;boxed&quot;}\">\n\t\t\t\t\t<div class=\"e-con-inner\">\n\t\t\t\t<div class=\"elementor-element elementor-element-1ab490a elementor-widget elementor-widget-heading\" data-id=\"1ab490a\" data-element_type=\"widget\" data-widget_type=\"heading.default\">\n\t\t\t\t<div class=\"elementor-widget-container\">\n\t\t\t<h3 class=\"elementor-heading-title elementor-size-default\">1. Ordrebehandling<\/h3>\t\t<\/div>\n\t\t\t\t<\/div>\n\t\t\t\t<div class=\"elementor-element elementor-element-c6b2c8b elementor-widget elementor-widget-text-editor\" data-id=\"c6b2c8b\" data-element_type=\"widget\" data-widget_type=\"text-editor.default\">\n\t\t\t\t<div class=\"elementor-widget-container\">\n\t\t\t\t\t\t\t<ul><li><strong>Beskrivelse<\/strong>: Bestillinger mottas og behandles p\u00e5 salgskontoret. Herfra koordineres logistikken for \u00e5 sikre at Procovers leveres til rett sted og tid.<\/li><li><strong>Salgskontor<\/strong>: Koordinering og administrasjon av bestillinger.<\/li><\/ul>\t\t\t\t\t\t<\/div>\n\t\t\t\t<\/div>\n\t\t\t\t\t<\/div>\n\t\t\t\t<\/div>\n\t\t<div class=\"elementor-element elementor-element-b51686d e-flex e-con-boxed e-con e-child\" data-id=\"b51686d\" data-element_type=\"container\" data-settings=\"{&quot;content_width&quot;:&quot;boxed&quot;}\">\n\t\t\t\t\t<div class=\"e-con-inner\">\n\t\t<div class=\"elementor-element elementor-element-cde2bb7 e-flex e-con-boxed e-con e-child\" data-id=\"cde2bb7\" data-element_type=\"container\" data-settings=\"{&quot;content_width&quot;:&quot;boxed&quot;}\">\n\t\t\t\t\t<div class=\"e-con-inner\">\n\t\t\t\t<div class=\"elementor-element elementor-element-cf40136 elementor-widget elementor-widget-heading\" data-id=\"cf40136\" data-element_type=\"widget\" data-widget_type=\"heading.default\">\n\t\t\t\t<div class=\"elementor-widget-container\">\n\t\t\t<h3 class=\"elementor-heading-title elementor-size-default\">2. Milj\u00f8emballering<\/h3>\t\t<\/div>\n\t\t\t\t<\/div>\n\t\t\t\t<div class=\"elementor-element elementor-element-96f9692 elementor-widget elementor-widget-text-editor\" data-id=\"96f9692\" data-element_type=\"widget\" data-widget_type=\"text-editor.default\">\n\t\t\t\t<div class=\"elementor-widget-container\">\n\t\t\t\t\t\t\t<ul><li><strong>Beskrivelse<\/strong>: Procovers lagres p\u00e5 et sentralt lager f\u00f8r de sendes ut. Lageret s\u00f8rger for at de er i god stand og klare til bruk.<\/li><li><strong>Bygglager<\/strong>: Oppbevaring og klargj\u00f8ring for distribusjon.<\/li><\/ul>\t\t\t\t\t\t<\/div>\n\t\t\t\t<\/div>\n\t\t\t\t\t<\/div>\n\t\t\t\t<\/div>\n\t\t<div class=\"elementor-element elementor-element-25b646f e-flex e-con-boxed e-con e-child\" data-id=\"25b646f\" data-element_type=\"container\" data-settings=\"{&quot;content_width&quot;:&quot;boxed&quot;}\">\n\t\t\t\t\t<div class=\"e-con-inner\">\n\t\t\t\t<div class=\"elementor-element elementor-element-2391f12 elementor-widget elementor-widget-heading\" data-id=\"2391f12\" data-element_type=\"widget\" data-widget_type=\"heading.default\">\n\t\t\t\t<div class=\"elementor-widget-container\">\n\t\t\t<h3 class=\"elementor-heading-title elementor-size-default\">3. Transport, Bruk og Retur<\/h3>\t\t<\/div>\n\t\t\t\t<\/div>\n\t\t\t\t<div class=\"elementor-element elementor-element-aa5fed5 elementor-widget elementor-widget-text-editor\" data-id=\"aa5fed5\" data-element_type=\"widget\" data-widget_type=\"text-editor.default\">\n\t\t\t\t<div class=\"elementor-widget-container\">\n\t\t\t\t\t\t\t<ul><li><strong>Beskrivelse<\/strong>: Procovers transporteres til byggeplassen, hvor de brukes til \u00e5 beskytte materialer mot v\u00e6r og vind. Etter bruk, samles de inn igjen til lageret hvor de kontrolleres for skader.<\/li><li><strong>Ansvarlig Entrepen\u00f8r<\/strong>: Beskyttelse av materialer p\u00e5 byggeplassen og innsamling for ombruk.<\/li><li style=\"list-style-type: none;\">\u00a0<\/li><\/ul>\t\t\t\t\t\t<\/div>\n\t\t\t\t<\/div>\n\t\t\t\t\t<\/div>\n\t\t\t\t<\/div>\n\t\t\t\t\t<\/div>\n\t\t\t\t<\/div>\n\t\t<div class=\"elementor-element elementor-element-fa2e16e e-flex e-con-boxed e-con e-child\" data-id=\"fa2e16e\" data-element_type=\"container\" data-settings=\"{&quot;content_width&quot;:&quot;boxed&quot;}\">\n\t\t\t\t\t<div class=\"e-con-inner\">\n\t\t<div class=\"elementor-element elementor-element-2c47a8f e-flex e-con-boxed e-con e-child\" data-id=\"2c47a8f\" data-element_type=\"container\" data-settings=\"{&quot;content_width&quot;:&quot;boxed&quot;}\">\n\t\t\t\t\t<div class=\"e-con-inner\">\n\t\t\t\t<div class=\"elementor-element elementor-element-4a229d3 elementor-widget elementor-widget-heading\" data-id=\"4a229d3\" data-element_type=\"widget\" data-widget_type=\"heading.default\">\n\t\t\t\t<div class=\"elementor-widget-container\">\n\t\t\t<h3 class=\"elementor-heading-title elementor-size-default\">4. Mottak og Klargj\u00f8ring<\/h3>\t\t<\/div>\n\t\t\t\t<\/div>\n\t\t\t\t<div class=\"elementor-element elementor-element-775d1e2 elementor-widget elementor-widget-text-editor\" data-id=\"775d1e2\" data-element_type=\"widget\" data-widget_type=\"text-editor.default\">\n\t\t\t\t<div class=\"elementor-widget-container\">\n\t\t\t\t\t\t\t<ul>\n<li><strong>Beskrivelse<\/strong>: Etter bruk p\u00e5 byggeplassen, returneres Procovers til lageret. Her forberedes de for ny utsendelse.<\/li>\n<li><strong>Bygglager<\/strong>: Inspeksjon, reparasjon og klargj\u00f8ring for ombruk.<\/li>\n<\/ul>\t\t\t\t\t\t<\/div>\n\t\t\t\t<\/div>\n\t\t\t\t\t<\/div>\n\t\t\t\t<\/div>\n\t\t<div class=\"elementor-element elementor-element-71e0409 e-flex e-con-boxed e-con e-child\" data-id=\"71e0409\" data-element_type=\"container\" data-settings=\"{&quot;content_width&quot;:&quot;boxed&quot;}\">\n\t\t\t\t\t<div class=\"e-con-inner\">\n\t\t\t\t<div class=\"elementor-element elementor-element-316e6e6 elementor-widget elementor-widget-heading\" data-id=\"316e6e6\" data-element_type=\"widget\" data-widget_type=\"heading.default\">\n\t\t\t\t<div class=\"elementor-widget-container\">\n\t\t\t<h2 class=\"elementor-heading-title elementor-size-default\">Egenskaper og Fordeler<\/h2>\t\t<\/div>\n\t\t\t\t<\/div>\n\t\t\t\t<div class=\"elementor-element elementor-element-1bca02b elementor-widget elementor-widget-text-editor\" data-id=\"1bca02b\" data-element_type=\"widget\" data-widget_type=\"text-editor.default\">\n\t\t\t\t<div class=\"elementor-widget-container\">\n\t\t\t\t\t\t\t<ul><li><strong>B\u00e6rekraftig L\u00f8sning<\/strong>: Ved \u00e5 bruke Procovers flere ganger, reduseres behovet for engangsplast betydelig. Dette bidrar til \u00e5 oppn\u00e5 byggebransjens b\u00e6rekraftm\u00e5l.<\/li><li><strong>\u00d8konomisk Effektivt<\/strong>: Reduksjon i plastforbruk f\u00f8rer til kostnadsbesparelser for b\u00e5de leverand\u00f8rer og entrepren\u00f8rer.<\/li><li><strong>Milj\u00f8vennlig<\/strong>: Bidrar til mindre avfall og en gr\u00f8nnere byggeplass.<\/li><li><strong>Sikkerhet og Kvalitet<\/strong>: Procovers er designet for \u00e5 t\u00e5le flere gangers bruk uten \u00e5 miste sine beskyttende egenskaper.<\/li><\/ul>\t\t\t\t\t\t<\/div>\n\t\t\t\t<\/div>\n\t\t\t\t\t<\/div>\n\t\t\t\t<\/div>\n\t\t\t\t\t<\/div>\n\t\t\t\t<\/div>\n\t\t\t\t\t<\/div>\n\t\t\t\t<\/div>\n\t\t\t\t\t\t\t<\/div>\n\t\t","protected":false},"excerpt":{"rendered":"<p>Ombrukordning Procovers&#8217; ombruksordning er en innovativ l\u00f8sning som bidrar til b\u00e6rekraft og effektivitet i byggebransjen. Denne ordningen sikrer at Procovers kan brukes flere ganger, noe som reduserer plastavfall og fremmer milj\u00f8vennlig praksis. La oss se n\u00e6rmere p\u00e5 hvordan ombruksordningen fungerer, steg for steg. \u00a0 \u00c5 benytte seg av ombruksordningen er ikke noe man m\u00e5 gj\u00f8re. &hellip;<\/p>\n<p class=\"read-more\"> <a class=\"\" href=\"https:\/\/procovers.no\/index.php\/elementor-2171\/\"> <span class=\"screen-reader-text\">Elementor #2171<\/span> Read More &raquo;<\/a><\/p>\n","protected":false},"author":1,"featured_media":0,"parent":0,"menu_order":0,"comment_status":"closed","ping_status":"closed","template":"","meta":{"site-sidebar-layout":"no-sidebar","site-content-layout":"page-builder","ast-site-content-layout":"full-width-container","site-content-style":"default","site-sidebar-style":"default","ast-global-header-display":"","ast-banner-title-visibility":"","ast-main-header-display":"","ast-hfb-above-header-display":"","ast-hfb-below-header-display":"","ast-hfb-mobile-header-display":"","site-post-title":"disabled","ast-breadcrumbs-content":"","ast-featured-img":"disabled","footer-sml-layout":"","theme-transparent-header-meta":"","adv-header-id-meta":"","stick-header-meta":"","header-above-stick-meta":"","header-main-stick-meta":"","header-below-stick-meta":"","astra-migrate-meta-layouts":"set","ast-page-background-enabled":"default","ast-page-background-meta":{"desktop":{"background-color":"var(--ast-global-color-4)","background-image":"","background-repeat":"repeat","background-position":"center center","background-size":"auto","background-attachment":"scroll","background-type":"","background-media":"","overlay-type":"","overlay-color":"","overlay-gradient":""},"tablet":{"background-color":"","background-image":"","background-repeat":"repeat","background-position":"center center","background-size":"auto","background-attachment":"scroll","background-type":"","background-media":"","overlay-type":"","overlay-color":"","overlay-gradient":""},"mobile":{"background-color":"","background-image":"","background-repeat":"repeat","background-position":"center center","background-size":"auto","background-attachment":"scroll","background-type":"","background-media":"","overlay-type":"","overlay-color":"","overlay-gradient":""}},"ast-content-background-meta":{"desktop":{"background-color":"var(--ast-global-color-5)","background-image":"","background-repeat":"repeat","background-position":"center center","background-size":"auto","background-attachment":"scroll","background-type":"","background-media":"","overlay-type":"","overlay-color":"","overlay-gradient":""},"tablet":{"background-color":"var(--ast-global-color-5)","background-image":"","background-repeat":"repeat","background-position":"center center","background-size":"auto","background-attachment":"scroll","background-type":"","background-media":"","overlay-type":"","overlay-color":"","overlay-gradient":""},"mobile":{"background-color":"var(--ast-global-color-5)","background-image":"","background-repeat":"repeat","background-position":"center center","background-size":"auto","background-attachment":"scroll","background-type":"","background-media":"","overlay-type":"","overlay-color":"","overlay-gradient":""}},"footnotes":""},"_links":{"self":[{"href":"https:\/\/procovers.no\/index.php\/wp-json\/wp\/v2\/pages\/2171"}],"collection":[{"href":"https:\/\/procovers.no\/index.php\/wp-json\/wp\/v2\/pages"}],"about":[{"href":"https:\/\/procovers.no\/index.php\/wp-json\/wp\/v2\/types\/page"}],"author":[{"embeddable":true,"href":"https:\/\/procovers.no\/index.php\/wp-json\/wp\/v2\/users\/1"}],"replies":[{"embeddable":true,"href":"https:\/\/procovers.no\/index.php\/wp-json\/wp\/v2\/comments?post=2171"}],"version-history":[{"count":13,"href":"https:\/\/procovers.no\/index.php\/wp-json\/wp\/v2\/pages\/2171\/revisions"}],"predecessor-version":[{"id":2401,"href":"https:\/\/procovers.no\/index.php\/wp-json\/wp\/v2\/pages\/2171\/revisions\/2401"}],"wp:attachment":[{"href":"https:\/\/procovers.no\/index.php\/wp-json\/wp\/v2\/media?parent=2171"}],"curies":[{"name":"wp","href":"https:\/\/api.w.org\/{rel}","templated":true}]}}