{"id":2169,"date":"2024-07-15T00:16:10","date_gmt":"2024-07-15T00:16:10","guid":{"rendered":"https:\/\/procovers.no\/?page_id=2169"},"modified":"2024-11-28T00:46:42","modified_gmt":"2024-11-28T00:46:42","slug":"elementor-2169","status":"publish","type":"page","link":"https:\/\/procovers.no\/index.php\/elementor-2169\/","title":{"rendered":"Elementor #2169"},"content":{"rendered":"\t\t<div data-elementor-type=\"wp-page\" data-elementor-id=\"2169\" class=\"elementor elementor-2169\">\n\t\t\t\t\t\t\t<div class=\"elementor-element elementor-element-1026d07 e-flex e-con-boxed e-con e-parent\" data-id=\"1026d07\" data-element_type=\"container\" data-settings=\"{&quot;content_width&quot;:&quot;boxed&quot;}\" data-core-v316-plus=\"true\">\n\t\t\t\t\t<div class=\"e-con-inner\">\n\t\t<div class=\"elementor-element elementor-element-de7f086 e-flex e-con-boxed e-con e-child\" data-id=\"de7f086\" data-element_type=\"container\" data-settings=\"{&quot;content_width&quot;:&quot;boxed&quot;}\">\n\t\t\t\t\t<div class=\"e-con-inner\">\n\t\t\t\t<div class=\"elementor-element elementor-element-2e8c43c elementor-widget elementor-widget-heading\" data-id=\"2e8c43c\" data-element_type=\"widget\" data-widget_type=\"heading.default\">\n\t\t\t\t<div class=\"elementor-widget-container\">\n\t\t\t<style>\/*! elementor - v3.18.0 - 08-12-2023 *\/\n.elementor-heading-title{padding:0;margin:0;line-height:1}.elementor-widget-heading .elementor-heading-title[class*=elementor-size-]>a{color:inherit;font-size:inherit;line-height:inherit}.elementor-widget-heading .elementor-heading-title.elementor-size-small{font-size:15px}.elementor-widget-heading .elementor-heading-title.elementor-size-medium{font-size:19px}.elementor-widget-heading .elementor-heading-title.elementor-size-large{font-size:29px}.elementor-widget-heading .elementor-heading-title.elementor-size-xl{font-size:39px}.elementor-widget-heading .elementor-heading-title.elementor-size-xxl{font-size:59px}<\/style><h2 class=\"elementor-heading-title elementor-size-default\">HMS og B\u00e6rekraft<\/h2>\t\t<\/div>\n\t\t\t\t<\/div>\n\t\t\t\t\t<\/div>\n\t\t\t\t<\/div>\n\t\t\t\t\t<\/div>\n\t\t\t\t<\/div>\n\t\t<div class=\"elementor-element elementor-element-c91a987 e-con-full e-flex e-con e-parent\" data-id=\"c91a987\" data-element_type=\"container\" data-settings=\"{&quot;content_width&quot;:&quot;full&quot;}\" data-core-v316-plus=\"true\">\n\t\t<div class=\"elementor-element elementor-element-09ca975 e-flex e-con-boxed e-con e-child\" data-id=\"09ca975\" data-element_type=\"container\" data-settings=\"{&quot;content_width&quot;:&quot;boxed&quot;}\">\n\t\t\t\t\t<div class=\"e-con-inner\">\n\t\t<div class=\"elementor-element elementor-element-d75e00b e-flex e-con-boxed e-con e-child\" data-id=\"d75e00b\" data-element_type=\"container\" data-settings=\"{&quot;content_width&quot;:&quot;boxed&quot;}\">\n\t\t\t\t\t<div class=\"e-con-inner\">\n\t\t\t\t<div class=\"elementor-element elementor-element-5ce3046 elementor-widget elementor-widget-heading\" data-id=\"5ce3046\" data-element_type=\"widget\" data-widget_type=\"heading.default\">\n\t\t\t\t<div class=\"elementor-widget-container\">\n\t\t\t<h2 class=\"elementor-heading-title elementor-size-default\">Ivaretar Bransjens Milj\u00f8forpliktelser<\/h2>\t\t<\/div>\n\t\t\t\t<\/div>\n\t\t\t\t<div class=\"elementor-element elementor-element-f04ceab elementor-widget elementor-widget-text-editor\" data-id=\"f04ceab\" data-element_type=\"widget\" data-widget_type=\"text-editor.default\">\n\t\t\t\t<div class=\"elementor-widget-container\">\n\t\t\t<style>\/*! elementor - v3.18.0 - 08-12-2023 *\/\n.elementor-widget-text-editor.elementor-drop-cap-view-stacked .elementor-drop-cap{background-color:#69727d;color:#fff}.elementor-widget-text-editor.elementor-drop-cap-view-framed .elementor-drop-cap{color:#69727d;border:3px solid;background-color:transparent}.elementor-widget-text-editor:not(.elementor-drop-cap-view-default) .elementor-drop-cap{margin-top:8px}.elementor-widget-text-editor:not(.elementor-drop-cap-view-default) .elementor-drop-cap-letter{width:1em;height:1em}.elementor-widget-text-editor .elementor-drop-cap{float:left;text-align:center;line-height:1;font-size:50px}.elementor-widget-text-editor .elementor-drop-cap-letter{display:inline-block}<\/style>\t\t\t\t<p>Procovers er utviklet med fokus p\u00e5 \u00e5 ivareta byggebransjens forpliktelser overfor ytre milj\u00f8. Ved bruk av Procovers kan man oppn\u00e5 en plastemballasje-besparelse p\u00e5 n\u00e6rmere 100%, noe som bidrar til \u00e5 n\u00e5 bransjens b\u00e6rekraftm\u00e5l. Dette er et betydelig skritt mot en gr\u00f8nnere og mer milj\u00f8vennlig fremtid.<\/p>\t\t\t\t\t\t<\/div>\n\t\t\t\t<\/div>\n\t\t\t\t\t<\/div>\n\t\t\t\t<\/div>\n\t\t<div class=\"elementor-element elementor-element-f28089a e-flex e-con-boxed e-con e-child\" data-id=\"f28089a\" data-element_type=\"container\" data-settings=\"{&quot;content_width&quot;:&quot;boxed&quot;}\">\n\t\t\t\t\t<div class=\"e-con-inner\">\n\t\t\t\t<div class=\"elementor-element elementor-element-055d1a4 elementor-widget elementor-widget-heading\" data-id=\"055d1a4\" data-element_type=\"widget\" data-widget_type=\"heading.default\">\n\t\t\t\t<div class=\"elementor-widget-container\">\n\t\t\t<h2 class=\"elementor-heading-title elementor-size-default\">Reduksjon av Plastavfall<\/h2>\t\t<\/div>\n\t\t\t\t<\/div>\n\t\t\t\t<div class=\"elementor-element elementor-element-2ea83bb elementor-widget elementor-widget-text-editor\" data-id=\"2ea83bb\" data-element_type=\"widget\" data-widget_type=\"text-editor.default\">\n\t\t\t\t<div class=\"elementor-widget-container\">\n\t\t\t\t\t\t\t<p>En av de st\u00f8rste fordelene med Procovers er den drastiske reduksjonen i plastavfall. Tradisjonelle presenninger og plastemballasjer bidrar til store mengder avfall som ofte ender opp i naturen. Procovers er laget av resirkulerbart materiale og kan brukes om igjen mange ganger, noe som sterkt reduserer behovet for engangsplast.<\/p>\t\t\t\t\t\t<\/div>\n\t\t\t\t<\/div>\n\t\t\t\t\t<\/div>\n\t\t\t\t<\/div>\n\t\t<div class=\"elementor-element elementor-element-431f641 e-flex e-con-boxed e-con e-child\" data-id=\"431f641\" data-element_type=\"container\" data-settings=\"{&quot;content_width&quot;:&quot;boxed&quot;}\">\n\t\t\t\t\t<div class=\"e-con-inner\">\n\t\t<div class=\"elementor-element elementor-element-b1c708e e-flex e-con-boxed e-con e-child\" data-id=\"b1c708e\" data-element_type=\"container\" data-settings=\"{&quot;content_width&quot;:&quot;boxed&quot;}\">\n\t\t\t\t\t<div class=\"e-con-inner\">\n\t\t\t\t<div class=\"elementor-element elementor-element-79fbd51 elementor-widget elementor-widget-heading\" data-id=\"79fbd51\" data-element_type=\"widget\" data-widget_type=\"heading.default\">\n\t\t\t\t<div class=\"elementor-widget-container\">\n\t\t\t<h2 class=\"elementor-heading-title elementor-size-default\">Sikkerhet p\u00e5 Arbeidsplassen<\/h2>\t\t<\/div>\n\t\t\t\t<\/div>\n\t\t\t\t<div class=\"elementor-element elementor-element-cf5b700 elementor-widget elementor-widget-text-editor\" data-id=\"cf5b700\" data-element_type=\"widget\" data-widget_type=\"text-editor.default\">\n\t\t\t\t<div class=\"elementor-widget-container\">\n\t\t\t\t\t\t\t<p>Procovers bidrar ogs\u00e5 til \u00f8kt sikkerhet p\u00e5 byggeplassen. De formsydd presenningene er enkle \u00e5 legge p\u00e5 og ta av, noe som reduserer risikoen for skade under h\u00e5ndtering. Med kraftige strikker som sikrer presenningen selv i sterk vind, minimeres faren for at presenningen bl\u00e5ser av og skaper farlige situasjoner. Bruk av kniw og stropper samt tunge gjenstander vil ikke v\u00e6re n\u00f8dvendig.<\/p>\t\t\t\t\t\t<\/div>\n\t\t\t\t<\/div>\n\t\t\t\t\t<\/div>\n\t\t\t\t<\/div>\n\t\t<div class=\"elementor-element elementor-element-450847e e-flex e-con-boxed e-con e-child\" data-id=\"450847e\" data-element_type=\"container\" data-settings=\"{&quot;content_width&quot;:&quot;boxed&quot;}\">\n\t\t\t\t\t<div class=\"e-con-inner\">\n\t\t\t\t<div class=\"elementor-element elementor-element-84dd7e1 elementor-widget elementor-widget-heading\" data-id=\"84dd7e1\" data-element_type=\"widget\" data-widget_type=\"heading.default\">\n\t\t\t\t<div class=\"elementor-widget-container\">\n\t\t\t<h2 class=\"elementor-heading-title elementor-size-default\">Ergonomisk Design<\/h2>\t\t<\/div>\n\t\t\t\t<\/div>\n\t\t\t\t<div class=\"elementor-element elementor-element-2a3ecfd elementor-widget elementor-widget-text-editor\" data-id=\"2a3ecfd\" data-element_type=\"widget\" data-widget_type=\"text-editor.default\">\n\t\t\t\t<div class=\"elementor-widget-container\">\n\t\t\t\t\t\t\t<p>Designet av Procovers tar hensyn til ergonomi og brukervennlighet. Den lave vekten og den enkle m\u00e5ten \u00e5 legge presenningen p\u00e5, bidrar til mindre fysisk belastning for arbeiderne. Dette kan redusere risikoen for muskel- og skjelettskader som f\u00f8lge av tung og repetitiv l\u00f8fting.<\/p>\t\t\t\t\t\t<\/div>\n\t\t\t\t<\/div>\n\t\t\t\t\t<\/div>\n\t\t\t\t<\/div>\n\t\t\t\t\t<\/div>\n\t\t\t\t<\/div>\n\t\t<div class=\"elementor-element elementor-element-190c73c e-flex e-con-boxed e-con e-child\" data-id=\"190c73c\" data-element_type=\"container\" data-settings=\"{&quot;content_width&quot;:&quot;boxed&quot;}\">\n\t\t\t\t\t<div class=\"e-con-inner\">\n\t\t<div class=\"elementor-element elementor-element-f3d42ac e-flex e-con-boxed e-con e-child\" data-id=\"f3d42ac\" data-element_type=\"container\" data-settings=\"{&quot;content_width&quot;:&quot;boxed&quot;}\">\n\t\t\t\t\t<div class=\"e-con-inner\">\n\t\t\t\t<div class=\"elementor-element elementor-element-8f8dd0c elementor-widget elementor-widget-heading\" data-id=\"8f8dd0c\" data-element_type=\"widget\" data-widget_type=\"heading.default\">\n\t\t\t\t<div class=\"elementor-widget-container\">\n\t\t\t<h2 class=\"elementor-heading-title elementor-size-default\">HMS-fordeler<\/h2>\t\t<\/div>\n\t\t\t\t<\/div>\n\t\t\t\t<div class=\"elementor-element elementor-element-1150bad elementor-widget elementor-widget-text-editor\" data-id=\"1150bad\" data-element_type=\"widget\" data-widget_type=\"text-editor.default\">\n\t\t\t\t<div class=\"elementor-widget-container\">\n\t\t\t\t\t\t\t<p><\/p>\n<ul>\n<li><strong>Milj\u00f8vennlig<\/strong>: Reduserer plastavfall med n\u00e6rmere 100%.<\/li>\n<li><strong>Sikkerhet<\/strong>: Enkel h\u00e5ndtering og sikre fester. Eliminierer mulighet for kutt og stikkskader.<\/li>\n<li><strong>Ergonomi<\/strong>: Lav vekt og brukervennlig design.<\/li>\n<li><strong>Vedlikehold<\/strong>: Enkelt \u00e5 reparere og lang levetid.<\/li>\n<\/ul>\t\t\t\t\t\t<\/div>\n\t\t\t\t<\/div>\n\t\t\t\t\t<\/div>\n\t\t\t\t<\/div>\n\t\t<div class=\"elementor-element elementor-element-e01d2ef e-flex e-con-boxed e-con e-child\" data-id=\"e01d2ef\" data-element_type=\"container\" data-settings=\"{&quot;content_width&quot;:&quot;boxed&quot;}\">\n\t\t\t\t\t<div class=\"e-con-inner\">\n\t\t\t\t<div class=\"elementor-element elementor-element-c108126 elementor-widget elementor-widget-heading\" data-id=\"c108126\" data-element_type=\"widget\" data-widget_type=\"heading.default\">\n\t\t\t\t<div class=\"elementor-widget-container\">\n\t\t\t<h2 class=\"elementor-heading-title elementor-size-default\">B\u00e6rekraftig Fremtid<\/h2>\t\t<\/div>\n\t\t\t\t<\/div>\n\t\t\t\t<div class=\"elementor-element elementor-element-400612c elementor-widget elementor-widget-text-editor\" data-id=\"400612c\" data-element_type=\"widget\" data-widget_type=\"text-editor.default\">\n\t\t\t\t<div class=\"elementor-widget-container\">\n\t\t\t\t\t\t\t<p>Bruken av Procovers bidrar til \u00e5 n\u00e5 b\u00e6rekraftm\u00e5lene i byggebransjen. Ved \u00e5 velge b\u00e6rekraftige l\u00f8sninger som Procovers, kan bedrifter ikke bare forbedre sitt milj\u00f8avtrykk, men ogs\u00e5 fremme en kultur for ansvarlig ressursbruk og innovasjon.<\/p>\t\t\t\t\t\t<\/div>\n\t\t\t\t<\/div>\n\t\t\t\t\t<\/div>\n\t\t\t\t<\/div>\n\t\t\t\t\t<\/div>\n\t\t\t\t<\/div>\n\t\t\t\t\t<\/div>\n\t\t\t\t<\/div>\n\t\t\t\t<\/div>\n\t\t\t\t\t\t\t<\/div>\n\t\t","protected":false},"excerpt":{"rendered":"<p>HMS og B\u00e6rekraft Ivaretar Bransjens Milj\u00f8forpliktelser Procovers er utviklet med fokus p\u00e5 \u00e5 ivareta byggebransjens forpliktelser overfor ytre milj\u00f8. Ved bruk av Procovers kan man oppn\u00e5 en plastemballasje-besparelse p\u00e5 n\u00e6rmere 100%, noe som bidrar til \u00e5 n\u00e5 bransjens b\u00e6rekraftm\u00e5l. Dette er et betydelig skritt mot en gr\u00f8nnere og mer milj\u00f8vennlig fremtid. Reduksjon av Plastavfall En &hellip;<\/p>\n<p class=\"read-more\"> <a class=\"\" href=\"https:\/\/procovers.no\/index.php\/elementor-2169\/\"> <span class=\"screen-reader-text\">Elementor #2169<\/span> Read More &raquo;<\/a><\/p>\n","protected":false},"author":1,"featured_media":0,"parent":0,"menu_order":0,"comment_status":"closed","ping_status":"closed","template":"","meta":{"site-sidebar-layout":"no-sidebar","site-content-layout":"page-builder","ast-site-content-layout":"full-width-container","site-content-style":"default","site-sidebar-style":"default","ast-global-header-display":"","ast-banner-title-visibility":"","ast-main-header-display":"","ast-hfb-above-header-display":"","ast-hfb-below-header-display":"","ast-hfb-mobile-header-display":"","site-post-title":"disabled","ast-breadcrumbs-content":"","ast-featured-img":"disabled","footer-sml-layout":"","theme-transparent-header-meta":"","adv-header-id-meta":"","stick-header-meta":"","header-above-stick-meta":"","header-main-stick-meta":"","header-below-stick-meta":"","astra-migrate-meta-layouts":"set","ast-page-background-enabled":"default","ast-page-background-meta":{"desktop":{"background-color":"var(--ast-global-color-4)","background-image":"","background-repeat":"repeat","background-position":"center center","background-size":"auto","background-attachment":"scroll","background-type":"","background-media":"","overlay-type":"","overlay-color":"","overlay-gradient":""},"tablet":{"background-color":"","background-image":"","background-repeat":"repeat","background-position":"center center","background-size":"auto","background-attachment":"scroll","background-type":"","background-media":"","overlay-type":"","overlay-color":"","overlay-gradient":""},"mobile":{"background-color":"","background-image":"","background-repeat":"repeat","background-position":"center center","background-size":"auto","background-attachment":"scroll","background-type":"","background-media":"","overlay-type":"","overlay-color":"","overlay-gradient":""}},"ast-content-background-meta":{"desktop":{"background-color":"var(--ast-global-color-5)","background-image":"","background-repeat":"repeat","background-position":"center center","background-size":"auto","background-attachment":"scroll","background-type":"","background-media":"","overlay-type":"","overlay-color":"","overlay-gradient":""},"tablet":{"background-color":"var(--ast-global-color-5)","background-image":"","background-repeat":"repeat","background-position":"center center","background-size":"auto","background-attachment":"scroll","background-type":"","background-media":"","overlay-type":"","overlay-color":"","overlay-gradient":""},"mobile":{"background-color":"var(--ast-global-color-5)","background-image":"","background-repeat":"repeat","background-position":"center center","background-size":"auto","background-attachment":"scroll","background-type":"","background-media":"","overlay-type":"","overlay-color":"","overlay-gradient":""}},"footnotes":""},"_links":{"self":[{"href":"https:\/\/procovers.no\/index.php\/wp-json\/wp\/v2\/pages\/2169"}],"collection":[{"href":"https:\/\/procovers.no\/index.php\/wp-json\/wp\/v2\/pages"}],"about":[{"href":"https:\/\/procovers.no\/index.php\/wp-json\/wp\/v2\/types\/page"}],"author":[{"embeddable":true,"href":"https:\/\/procovers.no\/index.php\/wp-json\/wp\/v2\/users\/1"}],"replies":[{"embeddable":true,"href":"https:\/\/procovers.no\/index.php\/wp-json\/wp\/v2\/comments?post=2169"}],"version-history":[{"count":10,"href":"https:\/\/procovers.no\/index.php\/wp-json\/wp\/v2\/pages\/2169\/revisions"}],"predecessor-version":[{"id":2397,"href":"https:\/\/procovers.no\/index.php\/wp-json\/wp\/v2\/pages\/2169\/revisions\/2397"}],"wp:attachment":[{"href":"https:\/\/procovers.no\/index.php\/wp-json\/wp\/v2\/media?parent=2169"}],"curies":[{"name":"wp","href":"https:\/\/api.w.org\/{rel}","templated":true}]}}