{"id":2161,"date":"2024-07-14T23:16:33","date_gmt":"2024-07-14T23:16:33","guid":{"rendered":"https:\/\/procovers.no\/?page_id=2161"},"modified":"2024-11-27T22:42:01","modified_gmt":"2024-11-27T22:42:01","slug":"teknisk-data","status":"publish","type":"page","link":"https:\/\/procovers.no\/index.php\/teknisk-data\/","title":{"rendered":"Teknisk data"},"content":{"rendered":"\t\t<div data-elementor-type=\"wp-page\" data-elementor-id=\"2161\" class=\"elementor elementor-2161\">\n\t\t\t\t\t\t\t<div class=\"elementor-element elementor-element-8f9e762 e-flex e-con-boxed e-con e-parent\" data-id=\"8f9e762\" data-element_type=\"container\" data-settings=\"{&quot;content_width&quot;:&quot;boxed&quot;}\" data-core-v316-plus=\"true\">\n\t\t\t\t\t<div class=\"e-con-inner\">\n\t\t<div class=\"elementor-element elementor-element-ede2c51 e-flex e-con-boxed e-con e-child\" data-id=\"ede2c51\" data-element_type=\"container\" data-settings=\"{&quot;content_width&quot;:&quot;boxed&quot;}\">\n\t\t\t\t\t<div class=\"e-con-inner\">\n\t\t\t\t<div class=\"elementor-element elementor-element-a377cd4 elementor-widget elementor-widget-heading\" data-id=\"a377cd4\" data-element_type=\"widget\" data-widget_type=\"heading.default\">\n\t\t\t\t<div class=\"elementor-widget-container\">\n\t\t\t<style>\/*! elementor - v3.18.0 - 08-12-2023 *\/\n.elementor-heading-title{padding:0;margin:0;line-height:1}.elementor-widget-heading .elementor-heading-title[class*=elementor-size-]>a{color:inherit;font-size:inherit;line-height:inherit}.elementor-widget-heading .elementor-heading-title.elementor-size-small{font-size:15px}.elementor-widget-heading .elementor-heading-title.elementor-size-medium{font-size:19px}.elementor-widget-heading .elementor-heading-title.elementor-size-large{font-size:29px}.elementor-widget-heading .elementor-heading-title.elementor-size-xl{font-size:39px}.elementor-widget-heading .elementor-heading-title.elementor-size-xxl{font-size:59px}<\/style><h2 class=\"elementor-heading-title elementor-size-default\">Tekniske Data<\/h2>\t\t<\/div>\n\t\t\t\t<\/div>\n\t\t\t\t\t<\/div>\n\t\t\t\t<\/div>\n\t\t\t\t\t<\/div>\n\t\t\t\t<\/div>\n\t\t<div class=\"elementor-element elementor-element-b6fd6f4 e-flex e-con-boxed e-con e-parent\" data-id=\"b6fd6f4\" data-element_type=\"container\" data-settings=\"{&quot;content_width&quot;:&quot;boxed&quot;}\" data-core-v316-plus=\"true\">\n\t\t\t\t\t<div class=\"e-con-inner\">\n\t\t<div class=\"elementor-element elementor-element-a8c2ec8 e-flex e-con-boxed e-con e-child\" data-id=\"a8c2ec8\" data-element_type=\"container\" data-settings=\"{&quot;content_width&quot;:&quot;boxed&quot;}\">\n\t\t\t\t\t<div class=\"e-con-inner\">\n\t\t<div class=\"elementor-element elementor-element-df7c5b7 e-flex e-con-boxed e-con e-child\" data-id=\"df7c5b7\" data-element_type=\"container\" data-settings=\"{&quot;content_width&quot;:&quot;boxed&quot;}\">\n\t\t\t\t\t<div class=\"e-con-inner\">\n\t\t\t\t<div class=\"elementor-element elementor-element-0aaf812 elementor-widget elementor-widget-heading\" data-id=\"0aaf812\" data-element_type=\"widget\" data-widget_type=\"heading.default\">\n\t\t\t\t<div class=\"elementor-widget-container\">\n\t\t\t<h2 class=\"elementor-heading-title elementor-size-default\">Materiale og Utforming<\/h2>\t\t<\/div>\n\t\t\t\t<\/div>\n\t\t\t\t<div class=\"elementor-element elementor-element-ee4f528 elementor-widget elementor-widget-text-editor\" data-id=\"ee4f528\" data-element_type=\"widget\" data-widget_type=\"text-editor.default\">\n\t\t\t\t<div class=\"elementor-widget-container\">\n\t\t\t<style>\/*! elementor - v3.18.0 - 08-12-2023 *\/\n.elementor-widget-text-editor.elementor-drop-cap-view-stacked .elementor-drop-cap{background-color:#69727d;color:#fff}.elementor-widget-text-editor.elementor-drop-cap-view-framed .elementor-drop-cap{color:#69727d;border:3px solid;background-color:transparent}.elementor-widget-text-editor:not(.elementor-drop-cap-view-default) .elementor-drop-cap{margin-top:8px}.elementor-widget-text-editor:not(.elementor-drop-cap-view-default) .elementor-drop-cap-letter{width:1em;height:1em}.elementor-widget-text-editor .elementor-drop-cap{float:left;text-align:center;line-height:1;font-size:50px}.elementor-widget-text-editor .elementor-drop-cap-letter{display:inline-block}<\/style>\t\t\t\t<p>Procovers er laget av slitesterkt polyetylen, som sikrer h\u00f8y kvalitet og lang levetid. Materialet best\u00e5r av gjenvinnbart polyetylen HD samt et tynt lag med gjenvinnbart polyetylen LD. Dette gir en robust og fleksibel l\u00f8sning for byggebransjen.<\/p><p>\u00a0<\/p><ul><li><strong>Materiale<\/strong>: Polyetylen HD og LD<\/li><li><strong>Kvalitet<\/strong>: Slitesterkt og UV-resistent<\/li><li><strong>Gjenbruk<\/strong>: Kan brukes flere ganger uten \u00e5 miste sine egenskaper<\/li><li><b>Milj\u00f8<\/b>: Kan resirkuleres<\/li><\/ul>\t\t\t\t\t\t<\/div>\n\t\t\t\t<\/div>\n\t\t<div class=\"elementor-element elementor-element-4104082 e-flex e-con-boxed e-con e-child\" data-id=\"4104082\" data-element_type=\"container\" data-settings=\"{&quot;content_width&quot;:&quot;boxed&quot;}\">\n\t\t\t\t\t<div class=\"e-con-inner\">\n\t\t\t\t<div class=\"elementor-element elementor-element-652cf40 elementor-widget elementor-widget-heading\" data-id=\"652cf40\" data-element_type=\"widget\" data-widget_type=\"heading.default\">\n\t\t\t\t<div class=\"elementor-widget-container\">\n\t\t\t<h3 class=\"elementor-heading-title elementor-size-default\">NOBB-nummer<\/h3>\t\t<\/div>\n\t\t\t\t<\/div>\n\t\t\t\t<div class=\"elementor-element elementor-element-53d8ecf elementor-widget elementor-widget-text-editor\" data-id=\"53d8ecf\" data-element_type=\"widget\" data-widget_type=\"text-editor.default\">\n\t\t\t\t<div class=\"elementor-widget-container\">\n\t\t\t\t\t\t\t<ul><li><strong>Platepakker:\u00a0<\/strong>60653105<\/li><li><strong>Materialpakker:\u00a0<\/strong>60653106<\/li><\/ul>\t\t\t\t\t\t<\/div>\n\t\t\t\t<\/div>\n\t\t\t\t\t<\/div>\n\t\t\t\t<\/div>\n\t\t\t\t\t<\/div>\n\t\t\t\t<\/div>\n\t\t\t\t\t<\/div>\n\t\t\t\t<\/div>\n\t\t<div class=\"elementor-element elementor-element-a2742dd e-flex e-con-boxed e-con e-child\" data-id=\"a2742dd\" data-element_type=\"container\" data-settings=\"{&quot;content_width&quot;:&quot;boxed&quot;}\">\n\t\t\t\t\t<div class=\"e-con-inner\">\n\t\t<div class=\"elementor-element elementor-element-f953021 e-flex e-con-boxed e-con e-child\" data-id=\"f953021\" data-element_type=\"container\" data-settings=\"{&quot;content_width&quot;:&quot;boxed&quot;}\">\n\t\t\t\t\t<div class=\"e-con-inner\">\n\t\t\t\t<div class=\"elementor-element elementor-element-b8f4b96 elementor-widget elementor-widget-heading\" data-id=\"b8f4b96\" data-element_type=\"widget\" data-widget_type=\"heading.default\">\n\t\t\t\t<div class=\"elementor-widget-container\">\n\t\t\t<h2 class=\"elementor-heading-title elementor-size-default\">Vekt og St\u00f8rrelse<\/h2>\t\t<\/div>\n\t\t\t\t<\/div>\n\t\t\t\t<div class=\"elementor-element elementor-element-b6d108d elementor-widget elementor-widget-text-editor\" data-id=\"b6d108d\" data-element_type=\"widget\" data-widget_type=\"text-editor.default\">\n\t\t\t\t<div class=\"elementor-widget-container\">\n\t\t\t\t\t\t\t<p>Procovers er designet for \u00e5 passe standard st\u00f8rrelser p\u00e5 plater og materialpakker, noe som gj\u00f8r dem enkle \u00e5 bruke og tilpasse.<\/p><p>\u00a0<\/p><ul><li><strong>Plater<\/strong>: 275 cm (lengde) x 125 cm (bredde) x 70 cm (h\u00f8yde)<\/li><li><strong>Materialpakker<\/strong>: 565 cm (lengde) x 115 cm (bredde) x 70 cm (h\u00f8yde)<\/li><\/ul>\t\t\t\t\t\t<\/div>\n\t\t\t\t<\/div>\n\t\t\t\t\t<\/div>\n\t\t\t\t<\/div>\n\t\t\t\t\t<\/div>\n\t\t\t\t<\/div>\n\t\t<div class=\"elementor-element elementor-element-48a49fd e-flex e-con-boxed e-con e-child\" data-id=\"48a49fd\" data-element_type=\"container\" data-settings=\"{&quot;content_width&quot;:&quot;boxed&quot;}\">\n\t\t\t\t\t<div class=\"e-con-inner\">\n\t\t<div class=\"elementor-element elementor-element-4f38d61 e-flex e-con-boxed e-con e-child\" data-id=\"4f38d61\" data-element_type=\"container\" data-settings=\"{&quot;content_width&quot;:&quot;boxed&quot;}\">\n\t\t\t\t\t<div class=\"e-con-inner\">\n\t\t\t\t<div class=\"elementor-element elementor-element-6b3bb44 elementor-widget elementor-widget-heading\" data-id=\"6b3bb44\" data-element_type=\"widget\" data-widget_type=\"heading.default\">\n\t\t\t\t<div class=\"elementor-widget-container\">\n\t\t\t<h2 class=\"elementor-heading-title elementor-size-default\">Testresultater<\/h2>\t\t<\/div>\n\t\t\t\t<\/div>\n\t\t\t\t<div class=\"elementor-element elementor-element-94ddf16 elementor-widget elementor-widget-text-editor\" data-id=\"94ddf16\" data-element_type=\"widget\" data-widget_type=\"text-editor.default\">\n\t\t\t\t<div class=\"elementor-widget-container\">\n\t\t\t\t\t\t\t<p>Procovers har gjennomg\u00e5tt omfattende fabrikktester for \u00e5 sikre h\u00f8y kvalitet og p\u00e5litelighet. Her er noen av testresultatene:<\/p>\t\t\t\t\t\t<\/div>\n\t\t\t\t<\/div>\n\t\t\t\t<div class=\"elementor-element elementor-element-2002e3b elementor-widget elementor-widget-image\" data-id=\"2002e3b\" data-element_type=\"widget\" data-widget_type=\"image.default\">\n\t\t\t\t<div class=\"elementor-widget-container\">\n\t\t\t<style>\/*! elementor - v3.18.0 - 08-12-2023 *\/\n.elementor-widget-image{text-align:center}.elementor-widget-image a{display:inline-block}.elementor-widget-image a img[src$=\".svg\"]{width:48px}.elementor-widget-image img{vertical-align:middle;display:inline-block}<\/style>\t\t\t\t\t\t\t\t\t\t\t\t<img fetchpriority=\"high\" decoding=\"async\" width=\"994\" height=\"410\" src=\"https:\/\/procovers.no\/wp-content\/uploads\/2024\/07\/fabrikktest_procovers.png\" class=\"attachment-large size-large wp-image-2203\" alt=\"\" srcset=\"https:\/\/procovers.no\/wp-content\/uploads\/2024\/07\/fabrikktest_procovers.png 994w, https:\/\/procovers.no\/wp-content\/uploads\/2024\/07\/fabrikktest_procovers-300x124.png 300w, https:\/\/procovers.no\/wp-content\/uploads\/2024\/07\/fabrikktest_procovers-768x317.png 768w\" sizes=\"(max-width: 994px) 100vw, 994px\" \/>\t\t\t\t\t\t\t\t\t\t\t\t\t\t\t<\/div>\n\t\t\t\t<\/div>\n\t\t\t\t\t<\/div>\n\t\t\t\t<\/div>\n\t\t<div class=\"elementor-element elementor-element-af46a6e e-flex e-con-boxed e-con e-child\" data-id=\"af46a6e\" data-element_type=\"container\" data-settings=\"{&quot;content_width&quot;:&quot;boxed&quot;}\">\n\t\t\t\t\t<div class=\"e-con-inner\">\n\t\t<div class=\"elementor-element elementor-element-1ccf0ff e-flex e-con-boxed e-con e-child\" data-id=\"1ccf0ff\" data-element_type=\"container\" data-settings=\"{&quot;content_width&quot;:&quot;boxed&quot;}\">\n\t\t\t\t\t<div class=\"e-con-inner\">\n\t\t\t\t<div class=\"elementor-element elementor-element-ecfec6b elementor-widget elementor-widget-heading\" data-id=\"ecfec6b\" data-element_type=\"widget\" data-widget_type=\"heading.default\">\n\t\t\t\t<div class=\"elementor-widget-container\">\n\t\t\t<h2 class=\"elementor-heading-title elementor-size-default\">Egenskaper<\/h2>\t\t<\/div>\n\t\t\t\t<\/div>\n\t\t\t\t<div class=\"elementor-element elementor-element-a0a078a elementor-widget elementor-widget-text-editor\" data-id=\"a0a078a\" data-element_type=\"widget\" data-widget_type=\"text-editor.default\">\n\t\t\t\t<div class=\"elementor-widget-container\">\n\t\t\t\t\t\t\t<p>Procovers har flere viktige egenskaper som gj\u00f8r dem ideelle for bruk i byggebransjen:<\/p><p>\u00a0<\/p><ul><li><strong>UV-beskyttelse<\/strong>: T\u00e5ler sollys uten \u00e5 forringes<\/li><li><strong>H\u00f8y strekkfasthet<\/strong>: Holder formen godt under belastning<\/li><li><strong>Rivestyrke<\/strong>: Motstandsdyktig mot rift og skade<\/li><li><strong>God lufting<\/strong>: Reduserer fuktighet fra bakken<\/li><li><strong>Elastisk ordning<\/strong>: Enkel \u00e5 \u00e5pne og lukke, selv i sterk vind<\/li><\/ul>\t\t\t\t\t\t<\/div>\n\t\t\t\t<\/div>\n\t\t\t\t\t<\/div>\n\t\t\t\t<\/div>\n\t\t<div class=\"elementor-element elementor-element-20ffd31 e-flex e-con-boxed e-con e-child\" data-id=\"20ffd31\" data-element_type=\"container\" data-settings=\"{&quot;content_width&quot;:&quot;boxed&quot;}\">\n\t\t\t\t\t<div class=\"e-con-inner\">\n\t\t<div class=\"elementor-element elementor-element-66b8629 e-flex e-con-boxed e-con e-child\" data-id=\"66b8629\" data-element_type=\"container\" data-settings=\"{&quot;content_width&quot;:&quot;boxed&quot;}\">\n\t\t\t\t\t<div class=\"e-con-inner\">\n\t\t\t\t<div class=\"elementor-element elementor-element-f301e96 elementor-widget elementor-widget-heading\" data-id=\"f301e96\" data-element_type=\"widget\" data-widget_type=\"heading.default\">\n\t\t\t\t<div class=\"elementor-widget-container\">\n\t\t\t<h2 class=\"elementor-heading-title elementor-size-default\">Bruk og Vedlikehold<\/h2>\t\t<\/div>\n\t\t\t\t<\/div>\n\t\t\t\t<div class=\"elementor-element elementor-element-1bac491 elementor-widget elementor-widget-text-editor\" data-id=\"1bac491\" data-element_type=\"widget\" data-widget_type=\"text-editor.default\">\n\t\t\t\t<div class=\"elementor-widget-container\">\n\t\t\t\t\t\t\t<p>Procovers er designet for enkel bruk og minimal vedlikehold. Her er noen retningslinjer:<\/p>\n<ul>\n<li><strong>P\u00e5f\u00f8ring<\/strong>: Legges p\u00e5 som et stretch-laken,&nbsp; kraftige strikk i bunnen vil s\u00f8rge for at beskyttelsen ligger stabilt<\/li>\n<li><strong>Vedlikehold<\/strong>: Sm\u00e5 rifter kan repareres med egnet tape, st\u00f8rre rifter kan lappes<\/li>\n<li><strong>Lagring<\/strong>: Kan brettes\/rulles sammen og oppbevares uten \u00e5 ta stor plass<\/li>\n<\/ul>\t\t\t\t\t\t<\/div>\n\t\t\t\t<\/div>\n\t\t\t\t\t<\/div>\n\t\t\t\t<\/div>\n\t\t\t\t\t<\/div>\n\t\t\t\t<\/div>\n\t\t\t\t\t<\/div>\n\t\t\t\t<\/div>\n\t\t<div class=\"elementor-element elementor-element-95eeb3b e-flex e-con-boxed e-con e-child\" data-id=\"95eeb3b\" data-element_type=\"container\" data-settings=\"{&quot;content_width&quot;:&quot;boxed&quot;}\">\n\t\t\t\t\t<div class=\"e-con-inner\">\n\t\t<div class=\"elementor-element elementor-element-b02e30e e-flex e-con-boxed e-con e-child\" data-id=\"b02e30e\" data-element_type=\"container\" data-settings=\"{&quot;content_width&quot;:&quot;boxed&quot;}\">\n\t\t\t\t\t<div class=\"e-con-inner\">\n\t\t\t\t<div class=\"elementor-element elementor-element-f91acfb elementor-widget elementor-widget-heading\" data-id=\"f91acfb\" data-element_type=\"widget\" data-widget_type=\"heading.default\">\n\t\t\t\t<div class=\"elementor-widget-container\">\n\t\t\t<h2 class=\"elementor-heading-title elementor-size-default\">Ombruk<\/h2>\t\t<\/div>\n\t\t\t\t<\/div>\n\t\t\t\t<div class=\"elementor-element elementor-element-e139675 elementor-widget elementor-widget-text-editor\" data-id=\"e139675\" data-element_type=\"widget\" data-widget_type=\"text-editor.default\">\n\t\t\t\t<div class=\"elementor-widget-container\">\n\t\t\t\t\t\t\t<p>Procovers har v\u00e6rt gjennom omfattende stresstester og har vist seg \u00e5 t\u00e5le mange gangers bruk uten betydelig slitasje. Dette gj\u00f8r dem til et \u00f8konomisk og milj\u00f8vennlig alternativ til tradisjonelle presenninger.<\/p>\t\t\t\t\t\t<\/div>\n\t\t\t\t<\/div>\n\t\t\t\t\t<\/div>\n\t\t\t\t<\/div>\n\t\t\t\t\t<\/div>\n\t\t\t\t<\/div>\n\t\t\t\t\t<\/div>\n\t\t\t\t<\/div>\n\t\t\t\t\t<\/div>\n\t\t\t\t<\/div>\n\t\t\t\t\t\t\t<\/div>\n\t\t","protected":false},"excerpt":{"rendered":"<p>Tekniske Data Materiale og Utforming Procovers er laget av slitesterkt polyetylen, som sikrer h\u00f8y kvalitet og lang levetid. Materialet best\u00e5r av gjenvinnbart polyetylen HD samt et tynt lag med gjenvinnbart polyetylen LD. Dette gir en robust og fleksibel l\u00f8sning for byggebransjen. \u00a0 Materiale: Polyetylen HD og LD Kvalitet: Slitesterkt og UV-resistent Gjenbruk: Kan brukes flere &hellip;<\/p>\n<p class=\"read-more\"> <a class=\"\" href=\"https:\/\/procovers.no\/index.php\/teknisk-data\/\"> <span class=\"screen-reader-text\">Teknisk data<\/span> Read More &raquo;<\/a><\/p>\n","protected":false},"author":1,"featured_media":0,"parent":0,"menu_order":0,"comment_status":"closed","ping_status":"closed","template":"","meta":{"site-sidebar-layout":"no-sidebar","site-content-layout":"page-builder","ast-site-content-layout":"full-width-container","site-content-style":"default","site-sidebar-style":"default","ast-global-header-display":"","ast-banner-title-visibility":"","ast-main-header-display":"","ast-hfb-above-header-display":"","ast-hfb-below-header-display":"","ast-hfb-mobile-header-display":"","site-post-title":"disabled","ast-breadcrumbs-content":"","ast-featured-img":"disabled","footer-sml-layout":"","theme-transparent-header-meta":"","adv-header-id-meta":"","stick-header-meta":"","header-above-stick-meta":"","header-main-stick-meta":"","header-below-stick-meta":"","astra-migrate-meta-layouts":"set","ast-page-background-enabled":"default","ast-page-background-meta":{"desktop":{"background-color":"var(--ast-global-color-4)","background-image":"","background-repeat":"repeat","background-position":"center center","background-size":"auto","background-attachment":"scroll","background-type":"","background-media":"","overlay-type":"","overlay-color":"","overlay-gradient":""},"tablet":{"background-color":"","background-image":"","background-repeat":"repeat","background-position":"center center","background-size":"auto","background-attachment":"scroll","background-type":"","background-media":"","overlay-type":"","overlay-color":"","overlay-gradient":""},"mobile":{"background-color":"","background-image":"","background-repeat":"repeat","background-position":"center center","background-size":"auto","background-attachment":"scroll","background-type":"","background-media":"","overlay-type":"","overlay-color":"","overlay-gradient":""}},"ast-content-background-meta":{"desktop":{"background-color":"var(--ast-global-color-5)","background-image":"","background-repeat":"repeat","background-position":"center center","background-size":"auto","background-attachment":"scroll","background-type":"","background-media":"","overlay-type":"","overlay-color":"","overlay-gradient":""},"tablet":{"background-color":"var(--ast-global-color-5)","background-image":"","background-repeat":"repeat","background-position":"center center","background-size":"auto","background-attachment":"scroll","background-type":"","background-media":"","overlay-type":"","overlay-color":"","overlay-gradient":""},"mobile":{"background-color":"var(--ast-global-color-5)","background-image":"","background-repeat":"repeat","background-position":"center center","background-size":"auto","background-attachment":"scroll","background-type":"","background-media":"","overlay-type":"","overlay-color":"","overlay-gradient":""}},"footnotes":""},"_links":{"self":[{"href":"https:\/\/procovers.no\/index.php\/wp-json\/wp\/v2\/pages\/2161"}],"collection":[{"href":"https:\/\/procovers.no\/index.php\/wp-json\/wp\/v2\/pages"}],"about":[{"href":"https:\/\/procovers.no\/index.php\/wp-json\/wp\/v2\/types\/page"}],"author":[{"embeddable":true,"href":"https:\/\/procovers.no\/index.php\/wp-json\/wp\/v2\/users\/1"}],"replies":[{"embeddable":true,"href":"https:\/\/procovers.no\/index.php\/wp-json\/wp\/v2\/comments?post=2161"}],"version-history":[{"count":16,"href":"https:\/\/procovers.no\/index.php\/wp-json\/wp\/v2\/pages\/2161\/revisions"}],"predecessor-version":[{"id":2393,"href":"https:\/\/procovers.no\/index.php\/wp-json\/wp\/v2\/pages\/2161\/revisions\/2393"}],"wp:attachment":[{"href":"https:\/\/procovers.no\/index.php\/wp-json\/wp\/v2\/media?parent=2161"}],"curies":[{"name":"wp","href":"https:\/\/api.w.org\/{rel}","templated":true}]}}