{"id":2131,"date":"2024-07-14T21:23:44","date_gmt":"2024-07-14T21:23:44","guid":{"rendered":"https:\/\/procovers.no\/?page_id=2131"},"modified":"2024-07-31T08:09:56","modified_gmt":"2024-07-31T08:09:56","slug":"hvorfor-procovers","status":"publish","type":"page","link":"https:\/\/procovers.no\/index.php\/hvorfor-procovers\/","title":{"rendered":"Hvorfor Procovers"},"content":{"rendered":"\t\t<div data-elementor-type=\"wp-page\" data-elementor-id=\"2131\" class=\"elementor elementor-2131\">\n\t\t\t\t\t\t\t<div class=\"elementor-element elementor-element-d579e93 e-con-full e-flex e-con e-parent\" data-id=\"d579e93\" data-element_type=\"container\" data-settings=\"{&quot;content_width&quot;:&quot;full&quot;}\" data-core-v316-plus=\"true\">\n\t\t<div class=\"elementor-element elementor-element-7a62b54 e-con-full e-flex e-con e-child\" data-id=\"7a62b54\" data-element_type=\"container\" data-settings=\"{&quot;content_width&quot;:&quot;full&quot;}\">\n\t\t<div class=\"elementor-element elementor-element-1221222 e-flex e-con-boxed e-con e-child\" data-id=\"1221222\" data-element_type=\"container\" data-settings=\"{&quot;content_width&quot;:&quot;boxed&quot;}\">\n\t\t\t\t\t<div class=\"e-con-inner\">\n\t\t\t\t<div class=\"elementor-element elementor-element-ebeabda elementor-widget elementor-widget-heading\" data-id=\"ebeabda\" data-element_type=\"widget\" data-widget_type=\"heading.default\">\n\t\t\t\t<div class=\"elementor-widget-container\">\n\t\t\t<style>\/*! elementor - v3.18.0 - 08-12-2023 *\/\n.elementor-heading-title{padding:0;margin:0;line-height:1}.elementor-widget-heading .elementor-heading-title[class*=elementor-size-]>a{color:inherit;font-size:inherit;line-height:inherit}.elementor-widget-heading .elementor-heading-title.elementor-size-small{font-size:15px}.elementor-widget-heading .elementor-heading-title.elementor-size-medium{font-size:19px}.elementor-widget-heading .elementor-heading-title.elementor-size-large{font-size:29px}.elementor-widget-heading .elementor-heading-title.elementor-size-xl{font-size:39px}.elementor-widget-heading .elementor-heading-title.elementor-size-xxl{font-size:59px}<\/style><h2 class=\"elementor-heading-title elementor-size-default\">Effektiv Beskyttelse for Norske<br>V\u00e6rforhold<\/h2>\t\t<\/div>\n\t\t\t\t<\/div>\n\t\t\t\t\t<\/div>\n\t\t\t\t<\/div>\n\t\t\t\t<\/div>\n\t\t\t\t<\/div>\n\t\t<div class=\"elementor-element elementor-element-02bec08 e-flex e-con-boxed e-con e-parent\" data-id=\"02bec08\" data-element_type=\"container\" data-settings=\"{&quot;content_width&quot;:&quot;boxed&quot;}\" data-core-v316-plus=\"true\">\n\t\t\t\t\t<div class=\"e-con-inner\">\n\t\t<div class=\"elementor-element elementor-element-33bbc5e e-flex e-con-boxed e-con e-child\" data-id=\"33bbc5e\" data-element_type=\"container\" data-settings=\"{&quot;content_width&quot;:&quot;boxed&quot;}\">\n\t\t\t\t\t<div class=\"e-con-inner\">\n\t\t\t\t<div class=\"elementor-element elementor-element-adf6e6f elementor-widget elementor-widget-text-editor\" data-id=\"adf6e6f\" data-element_type=\"widget\" data-widget_type=\"text-editor.default\">\n\t\t\t\t<div class=\"elementor-widget-container\">\n\t\t\t<style>\/*! elementor - v3.18.0 - 08-12-2023 *\/\n.elementor-widget-text-editor.elementor-drop-cap-view-stacked .elementor-drop-cap{background-color:#69727d;color:#fff}.elementor-widget-text-editor.elementor-drop-cap-view-framed .elementor-drop-cap{color:#69727d;border:3px solid;background-color:transparent}.elementor-widget-text-editor:not(.elementor-drop-cap-view-default) .elementor-drop-cap{margin-top:8px}.elementor-widget-text-editor:not(.elementor-drop-cap-view-default) .elementor-drop-cap-letter{width:1em;height:1em}.elementor-widget-text-editor .elementor-drop-cap{float:left;text-align:center;line-height:1;font-size:50px}.elementor-widget-text-editor .elementor-drop-cap-letter{display:inline-block}<\/style>\t\t\t\t<p>Norske v\u00e6rforhold krever robust utstyr for \u00e5 beskytte verdifulle byggevarer under transport og lagring. Her spiller Procovers en avgj\u00f8rende rolle.<\/p>\n<p><\/p>\n<p>Til tross for sin lette vekt, har fabrikktester vist at Procovers har h\u00f8y strekkfasthet og t\u00e5ler UV-str\u00e5ling mye bedre enn standard presenninger. Dette gj\u00f8r dem til et overlegent valg for beskyttelse under alle v\u00e6rforhold.<\/p>\n<p><\/p>\n<p>I dag har vi et altfor h\u00f8yt forbruk av plast og presenninger til tildekking. N\u00e5r plasten brytes ned, mister den sin evne til \u00e5 beskytte, og f\u00f8r det skjer, kan den stenge inne fukt som vil p\u00e5f\u00f8re skader p\u00e5 materialer. Den n\u00e5v\u00e6rende praksisen for tildekking er rett og slett ikke god nok. Dyre og tunge presenninger m\u00e5 tilpasses manuelt for hver pakke, noe som er tidkrevende og personavhengig. Dette resulterer i mange midlertidige l\u00f8sninger som sjelden er optimale. Vi har sett kreativ bruk av kniver, steiner, stropper, tau og andre midler for \u00e5 sikre tildekking \u2013 som likevel ofte viser seg \u00e5 v\u00e6re utilstrekkelig.<\/p>\n<p>Dette f\u00f8rer til kostbar og un\u00f8dvendig avfallsh\u00e5ndtering, samt fuktskadede byggevarer. Procovers m\u00f8ter alle disse utfordringene med en b\u00e6rekraftig l\u00f8sning som sparer b\u00e5de penger og milj\u00f8et.<\/p>\n<p>Med Procovers trenger du ikke lenger bruke tid og penger p\u00e5 dyre og tunge presenninger, stropper, plastemballasje og andre midlertidige l\u00f8sninger. Procovers er skreddersydd for standard byggepakkem\u00e5l og legges enkelt over som et stretchlaken p\u00e5 en madrass. Kraftige strikker i bunnen s\u00f8rger for at beskyttelsen holder selv i sterk vind, mens god lufting i begge ender reduserer fuktighet fra gulvet. Den elastiske ordningen gj\u00f8r det lett \u00e5 \u00e5pne og lukke, noe som gir en enkel og effektiv l\u00f8sning for byggebransjen.<\/p>\n<p>Velg Procovers for \u00e5 oppn\u00e5 bedre beskyttelse, redusert plastavfall og oppfyllelse av byggebransjens milj\u00f8- og b\u00e6rekraftm\u00e5l.<\/p>\t\t\t\t\t\t<\/div>\n\t\t\t\t<\/div>\n\t\t\t\t\t<\/div>\n\t\t\t\t<\/div>\n\t\t\t\t\t<\/div>\n\t\t\t\t<\/div>\n\t\t\t\t\t\t\t<\/div>\n\t\t","protected":false},"excerpt":{"rendered":"<p>Effektiv Beskyttelse for NorskeV\u00e6rforhold Norske v\u00e6rforhold krever robust utstyr for \u00e5 beskytte verdifulle byggevarer under transport og lagring. Her spiller Procovers en avgj\u00f8rende rolle. Til tross for sin lette vekt, har fabrikktester vist at Procovers har h\u00f8y strekkfasthet og t\u00e5ler UV-str\u00e5ling mye bedre enn standard presenninger. Dette gj\u00f8r dem til et overlegent valg for beskyttelse &hellip;<\/p>\n<p class=\"read-more\"> <a class=\"\" href=\"https:\/\/procovers.no\/index.php\/hvorfor-procovers\/\"> <span class=\"screen-reader-text\">Hvorfor Procovers<\/span> Read More &raquo;<\/a><\/p>\n","protected":false},"author":1,"featured_media":0,"parent":0,"menu_order":0,"comment_status":"closed","ping_status":"closed","template":"","meta":{"site-sidebar-layout":"no-sidebar","site-content-layout":"page-builder","ast-site-content-layout":"full-width-container","site-content-style":"default","site-sidebar-style":"default","ast-global-header-display":"","ast-banner-title-visibility":"","ast-main-header-display":"","ast-hfb-above-header-display":"","ast-hfb-below-header-display":"","ast-hfb-mobile-header-display":"","site-post-title":"disabled","ast-breadcrumbs-content":"","ast-featured-img":"disabled","footer-sml-layout":"","theme-transparent-header-meta":"","adv-header-id-meta":"","stick-header-meta":"","header-above-stick-meta":"","header-main-stick-meta":"","header-below-stick-meta":"","astra-migrate-meta-layouts":"set","ast-page-background-enabled":"default","ast-page-background-meta":{"desktop":{"background-color":"var(--ast-global-color-4)","background-image":"","background-repeat":"repeat","background-position":"center center","background-size":"auto","background-attachment":"scroll","background-type":"","background-media":"","overlay-type":"","overlay-color":"","overlay-gradient":""},"tablet":{"background-color":"","background-image":"","background-repeat":"repeat","background-position":"center center","background-size":"auto","background-attachment":"scroll","background-type":"","background-media":"","overlay-type":"","overlay-color":"","overlay-gradient":""},"mobile":{"background-color":"","background-image":"","background-repeat":"repeat","background-position":"center center","background-size":"auto","background-attachment":"scroll","background-type":"","background-media":"","overlay-type":"","overlay-color":"","overlay-gradient":""}},"ast-content-background-meta":{"desktop":{"background-color":"var(--ast-global-color-5)","background-image":"","background-repeat":"repeat","background-position":"center center","background-size":"auto","background-attachment":"scroll","background-type":"","background-media":"","overlay-type":"","overlay-color":"","overlay-gradient":""},"tablet":{"background-color":"var(--ast-global-color-5)","background-image":"","background-repeat":"repeat","background-position":"center center","background-size":"auto","background-attachment":"scroll","background-type":"","background-media":"","overlay-type":"","overlay-color":"","overlay-gradient":""},"mobile":{"background-color":"var(--ast-global-color-5)","background-image":"","background-repeat":"repeat","background-position":"center center","background-size":"auto","background-attachment":"scroll","background-type":"","background-media":"","overlay-type":"","overlay-color":"","overlay-gradient":""}},"footnotes":""},"_links":{"self":[{"href":"https:\/\/procovers.no\/index.php\/wp-json\/wp\/v2\/pages\/2131"}],"collection":[{"href":"https:\/\/procovers.no\/index.php\/wp-json\/wp\/v2\/pages"}],"about":[{"href":"https:\/\/procovers.no\/index.php\/wp-json\/wp\/v2\/types\/page"}],"author":[{"embeddable":true,"href":"https:\/\/procovers.no\/index.php\/wp-json\/wp\/v2\/users\/1"}],"replies":[{"embeddable":true,"href":"https:\/\/procovers.no\/index.php\/wp-json\/wp\/v2\/comments?post=2131"}],"version-history":[{"count":37,"href":"https:\/\/procovers.no\/index.php\/wp-json\/wp\/v2\/pages\/2131\/revisions"}],"predecessor-version":[{"id":2350,"href":"https:\/\/procovers.no\/index.php\/wp-json\/wp\/v2\/pages\/2131\/revisions\/2350"}],"wp:attachment":[{"href":"https:\/\/procovers.no\/index.php\/wp-json\/wp\/v2\/media?parent=2131"}],"curies":[{"name":"wp","href":"https:\/\/api.w.org\/{rel}","templated":true}]}}